{"id":4145,"date":"2025-04-24T21:25:36","date_gmt":"2025-04-24T21:25:36","guid":{"rendered":"https:\/\/franz-marc-museum.de\/eintritt-preise\/"},"modified":"2025-07-29T12:51:24","modified_gmt":"2025-07-29T12:51:24","slug":"eintritt-preise","status":"publish","type":"page","link":"https:\/\/franz-marc-museum.de\/en\/eintritt-preise\/","title":{"rendered":"Tickets &#038; Prices"},"content":{"rendered":"","protected":false},"excerpt":{"rendered":"","protected":false},"author":1,"featured_media":0,"parent":0,"menu_order":0,"comment_status":"closed","ping_status":"closed","template":"","meta":{"_acf_changed":false,"inline_featured_image":false,"footnotes":""},"class_list":["post-4145","page","type-page","status-publish","hentry"],"acf":[],"yoast_head":"<!-- This site is optimized with the Yoast SEO plugin v26.6 - https:\/\/yoast.com\/wordpress\/plugins\/seo\/ -->\n<title>Tickets &amp; Prices - Franz Marc Museum<\/title>\n<meta name=\"description\" content=\"Alle Infos zu Eintrittspreisen im Franz Marc Museum: regul\u00e4r, erm\u00e4\u00dfigt, Gruppen, Schulklassen &amp; Jahreskarten.\" \/>\n<meta name=\"robots\" content=\"index, follow, max-snippet:-1, max-image-preview:large, max-video-preview:-1\" \/>\n<link rel=\"canonical\" href=\"https:\/\/franz-marc-museum.de\/en\/eintritt-preise\/\" \/>\n<meta property=\"og:locale\" content=\"en_US\" \/>\n<meta property=\"og:type\" content=\"article\" \/>\n<meta property=\"og:title\" content=\"Tickets &amp; Prices - Franz Marc Museum\" \/>\n<meta property=\"og:description\" content=\"Alle Infos zu Eintrittspreisen im Franz Marc Museum: regul\u00e4r, erm\u00e4\u00dfigt, Gruppen, Schulklassen &amp; Jahreskarten.\" \/>\n<meta property=\"og:url\" content=\"https:\/\/franz-marc-museum.de\/en\/eintritt-preise\/\" \/>\n<meta property=\"og:site_name\" content=\"Franz Marc Museum\" \/>\n<meta property=\"article:modified_time\" content=\"2025-07-29T12:51:24+00:00\" \/>\n<meta name=\"twitter:card\" content=\"summary_large_image\" \/>\n<script type=\"application\/ld+json\" class=\"yoast-schema-graph\">{\"@context\":\"https:\/\/schema.org\",\"@graph\":[{\"@type\":\"WebPage\",\"@id\":\"https:\/\/franz-marc-museum.de\/en\/eintritt-preise\/\",\"url\":\"https:\/\/franz-marc-museum.de\/en\/eintritt-preise\/\",\"name\":\"Tickets & Prices - Franz Marc Museum\",\"isPartOf\":{\"@id\":\"https:\/\/franz-marc-museum.de\/#website\"},\"datePublished\":\"2025-04-24T21:25:36+00:00\",\"dateModified\":\"2025-07-29T12:51:24+00:00\",\"description\":\"Alle Infos zu Eintrittspreisen im Franz Marc Museum: regul\u00e4r, erm\u00e4\u00dfigt, Gruppen, Schulklassen & Jahreskarten.\",\"breadcrumb\":{\"@id\":\"https:\/\/franz-marc-museum.de\/en\/eintritt-preise\/#breadcrumb\"},\"inLanguage\":\"en-US\",\"potentialAction\":[{\"@type\":\"ReadAction\",\"target\":[\"https:\/\/franz-marc-museum.de\/en\/eintritt-preise\/\"]}]},{\"@type\":\"BreadcrumbList\",\"@id\":\"https:\/\/franz-marc-museum.de\/en\/eintritt-preise\/#breadcrumb\",\"itemListElement\":[{\"@type\":\"ListItem\",\"position\":1,\"name\":\"Home\",\"item\":\"https:\/\/franz-marc-museum.de\/en\/\"},{\"@type\":\"ListItem\",\"position\":2,\"name\":\"Tickets &#038; Prices\"}]},{\"@type\":\"WebSite\",\"@id\":\"https:\/\/franz-marc-museum.de\/#website\",\"url\":\"https:\/\/franz-marc-museum.de\/\",\"name\":\"Franz Marc Museum\",\"description\":\"\",\"potentialAction\":[{\"@type\":\"SearchAction\",\"target\":{\"@type\":\"EntryPoint\",\"urlTemplate\":\"https:\/\/franz-marc-museum.de\/?s={search_term_string}\"},\"query-input\":{\"@type\":\"PropertyValueSpecification\",\"valueRequired\":true,\"valueName\":\"search_term_string\"}}],\"inLanguage\":\"en-US\"}]}<\/script>\n<!-- \/ Yoast SEO plugin. -->","yoast_head_json":{"title":"Tickets & Prices - Franz Marc Museum","description":"Alle Infos zu Eintrittspreisen im Franz Marc Museum: regul\u00e4r, erm\u00e4\u00dfigt, Gruppen, Schulklassen & Jahreskarten.","robots":{"index":"index","follow":"follow","max-snippet":"max-snippet:-1","max-image-preview":"max-image-preview:large","max-video-preview":"max-video-preview:-1"},"canonical":"https:\/\/franz-marc-museum.de\/en\/eintritt-preise\/","og_locale":"en_US","og_type":"article","og_title":"Tickets & Prices - Franz Marc Museum","og_description":"Alle Infos zu Eintrittspreisen im Franz Marc Museum: regul\u00e4r, erm\u00e4\u00dfigt, Gruppen, Schulklassen & Jahreskarten.","og_url":"https:\/\/franz-marc-museum.de\/en\/eintritt-preise\/","og_site_name":"Franz Marc Museum","article_modified_time":"2025-07-29T12:51:24+00:00","twitter_card":"summary_large_image","schema":{"@context":"https:\/\/schema.org","@graph":[{"@type":"WebPage","@id":"https:\/\/franz-marc-museum.de\/en\/eintritt-preise\/","url":"https:\/\/franz-marc-museum.de\/en\/eintritt-preise\/","name":"Tickets & Prices - Franz Marc Museum","isPartOf":{"@id":"https:\/\/franz-marc-museum.de\/#website"},"datePublished":"2025-04-24T21:25:36+00:00","dateModified":"2025-07-29T12:51:24+00:00","description":"Alle Infos zu Eintrittspreisen im Franz Marc Museum: regul\u00e4r, erm\u00e4\u00dfigt, Gruppen, Schulklassen & Jahreskarten.","breadcrumb":{"@id":"https:\/\/franz-marc-museum.de\/en\/eintritt-preise\/#breadcrumb"},"inLanguage":"en-US","potentialAction":[{"@type":"ReadAction","target":["https:\/\/franz-marc-museum.de\/en\/eintritt-preise\/"]}]},{"@type":"BreadcrumbList","@id":"https:\/\/franz-marc-museum.de\/en\/eintritt-preise\/#breadcrumb","itemListElement":[{"@type":"ListItem","position":1,"name":"Home","item":"https:\/\/franz-marc-museum.de\/en\/"},{"@type":"ListItem","position":2,"name":"Tickets &#038; Prices"}]},{"@type":"WebSite","@id":"https:\/\/franz-marc-museum.de\/#website","url":"https:\/\/franz-marc-museum.de\/","name":"Franz Marc Museum","description":"","potentialAction":[{"@type":"SearchAction","target":{"@type":"EntryPoint","urlTemplate":"https:\/\/franz-marc-museum.de\/?s={search_term_string}"},"query-input":{"@type":"PropertyValueSpecification","valueRequired":true,"valueName":"search_term_string"}}],"inLanguage":"en-US"}]}},"_links":{"self":[{"href":"https:\/\/franz-marc-museum.de\/en\/wp-json\/wp\/v2\/pages\/4145","targetHints":{"allow":["GET"]}}],"collection":[{"href":"https:\/\/franz-marc-museum.de\/en\/wp-json\/wp\/v2\/pages"}],"about":[{"href":"https:\/\/franz-marc-museum.de\/en\/wp-json\/wp\/v2\/types\/page"}],"author":[{"embeddable":true,"href":"https:\/\/franz-marc-museum.de\/en\/wp-json\/wp\/v2\/users\/1"}],"replies":[{"embeddable":true,"href":"https:\/\/franz-marc-museum.de\/en\/wp-json\/wp\/v2\/comments?post=4145"}],"version-history":[{"count":1,"href":"https:\/\/franz-marc-museum.de\/en\/wp-json\/wp\/v2\/pages\/4145\/revisions"}],"predecessor-version":[{"id":4146,"href":"https:\/\/franz-marc-museum.de\/en\/wp-json\/wp\/v2\/pages\/4145\/revisions\/4146"}],"wp:attachment":[{"href":"https:\/\/franz-marc-museum.de\/en\/wp-json\/wp\/v2\/media?parent=4145"}],"curies":[{"name":"wp","href":"https:\/\/api.w.org\/{rel}","templated":true}]}}