{"id":4148,"date":"2025-05-05T17:09:03","date_gmt":"2025-05-05T17:09:03","guid":{"rendered":"https:\/\/franz-marc-museum.de\/gruppen\/"},"modified":"2025-08-13T14:46:23","modified_gmt":"2025-08-13T14:46:23","slug":"groups","status":"publish","type":"page","link":"https:\/\/franz-marc-museum.de\/en\/groups\/","title":{"rendered":"Groups"},"content":{"rendered":"","protected":false},"excerpt":{"rendered":"","protected":false},"author":1,"featured_media":0,"parent":0,"menu_order":0,"comment_status":"closed","ping_status":"closed","template":"","meta":{"_acf_changed":false,"inline_featured_image":false,"footnotes":""},"class_list":["post-4148","page","type-page","status-publish","hentry"],"acf":[],"yoast_head":"<!-- This site is optimized with the Yoast SEO plugin v26.6 - https:\/\/yoast.com\/wordpress\/plugins\/seo\/ -->\n<title>Groups - Franz Marc Museum<\/title>\n<meta name=\"description\" content=\"Gruppen: Besuchen Sie das Franz Marc Museum \u2013 mit exklusiven F\u00fchrungen f\u00fcr Schulklassen, Reisegruppen oder private Anl\u00e4sse.\" \/>\n<meta name=\"robots\" content=\"index, follow, max-snippet:-1, max-image-preview:large, max-video-preview:-1\" \/>\n<link rel=\"canonical\" href=\"https:\/\/franz-marc-museum.de\/en\/groups\/\" \/>\n<meta property=\"og:locale\" content=\"en_US\" \/>\n<meta property=\"og:type\" content=\"article\" \/>\n<meta property=\"og:title\" content=\"Groups - Franz Marc Museum\" \/>\n<meta property=\"og:description\" content=\"Gruppen: Besuchen Sie das Franz Marc Museum \u2013 mit exklusiven F\u00fchrungen f\u00fcr Schulklassen, Reisegruppen oder private Anl\u00e4sse.\" \/>\n<meta property=\"og:url\" content=\"https:\/\/franz-marc-museum.de\/en\/groups\/\" \/>\n<meta property=\"og:site_name\" content=\"Franz Marc Museum\" \/>\n<meta property=\"article:modified_time\" content=\"2025-08-13T14:46:23+00:00\" \/>\n<meta name=\"twitter:card\" content=\"summary_large_image\" \/>\n<script type=\"application\/ld+json\" class=\"yoast-schema-graph\">{\"@context\":\"https:\/\/schema.org\",\"@graph\":[{\"@type\":\"WebPage\",\"@id\":\"https:\/\/franz-marc-museum.de\/en\/groups\/\",\"url\":\"https:\/\/franz-marc-museum.de\/en\/groups\/\",\"name\":\"Groups - Franz Marc Museum\",\"isPartOf\":{\"@id\":\"https:\/\/franz-marc-museum.de\/#website\"},\"datePublished\":\"2025-05-05T17:09:03+00:00\",\"dateModified\":\"2025-08-13T14:46:23+00:00\",\"description\":\"Gruppen: Besuchen Sie das Franz Marc Museum \u2013 mit exklusiven F\u00fchrungen f\u00fcr Schulklassen, Reisegruppen oder private Anl\u00e4sse.\",\"breadcrumb\":{\"@id\":\"https:\/\/franz-marc-museum.de\/en\/groups\/#breadcrumb\"},\"inLanguage\":\"en-US\",\"potentialAction\":[{\"@type\":\"ReadAction\",\"target\":[\"https:\/\/franz-marc-museum.de\/en\/groups\/\"]}]},{\"@type\":\"BreadcrumbList\",\"@id\":\"https:\/\/franz-marc-museum.de\/en\/groups\/#breadcrumb\",\"itemListElement\":[{\"@type\":\"ListItem\",\"position\":1,\"name\":\"Home\",\"item\":\"https:\/\/franz-marc-museum.de\/en\/\"},{\"@type\":\"ListItem\",\"position\":2,\"name\":\"Groups\"}]},{\"@type\":\"WebSite\",\"@id\":\"https:\/\/franz-marc-museum.de\/#website\",\"url\":\"https:\/\/franz-marc-museum.de\/\",\"name\":\"Franz Marc Museum\",\"description\":\"\",\"potentialAction\":[{\"@type\":\"SearchAction\",\"target\":{\"@type\":\"EntryPoint\",\"urlTemplate\":\"https:\/\/franz-marc-museum.de\/?s={search_term_string}\"},\"query-input\":{\"@type\":\"PropertyValueSpecification\",\"valueRequired\":true,\"valueName\":\"search_term_string\"}}],\"inLanguage\":\"en-US\"}]}<\/script>\n<!-- \/ Yoast SEO plugin. -->","yoast_head_json":{"title":"Groups - Franz Marc Museum","description":"Gruppen: Besuchen Sie das Franz Marc Museum \u2013 mit exklusiven F\u00fchrungen f\u00fcr Schulklassen, Reisegruppen oder private Anl\u00e4sse.","robots":{"index":"index","follow":"follow","max-snippet":"max-snippet:-1","max-image-preview":"max-image-preview:large","max-video-preview":"max-video-preview:-1"},"canonical":"https:\/\/franz-marc-museum.de\/en\/groups\/","og_locale":"en_US","og_type":"article","og_title":"Groups - Franz Marc Museum","og_description":"Gruppen: Besuchen Sie das Franz Marc Museum \u2013 mit exklusiven F\u00fchrungen f\u00fcr Schulklassen, Reisegruppen oder private Anl\u00e4sse.","og_url":"https:\/\/franz-marc-museum.de\/en\/groups\/","og_site_name":"Franz Marc Museum","article_modified_time":"2025-08-13T14:46:23+00:00","twitter_card":"summary_large_image","schema":{"@context":"https:\/\/schema.org","@graph":[{"@type":"WebPage","@id":"https:\/\/franz-marc-museum.de\/en\/groups\/","url":"https:\/\/franz-marc-museum.de\/en\/groups\/","name":"Groups - Franz Marc Museum","isPartOf":{"@id":"https:\/\/franz-marc-museum.de\/#website"},"datePublished":"2025-05-05T17:09:03+00:00","dateModified":"2025-08-13T14:46:23+00:00","description":"Gruppen: Besuchen Sie das Franz Marc Museum \u2013 mit exklusiven F\u00fchrungen f\u00fcr Schulklassen, Reisegruppen oder private Anl\u00e4sse.","breadcrumb":{"@id":"https:\/\/franz-marc-museum.de\/en\/groups\/#breadcrumb"},"inLanguage":"en-US","potentialAction":[{"@type":"ReadAction","target":["https:\/\/franz-marc-museum.de\/en\/groups\/"]}]},{"@type":"BreadcrumbList","@id":"https:\/\/franz-marc-museum.de\/en\/groups\/#breadcrumb","itemListElement":[{"@type":"ListItem","position":1,"name":"Home","item":"https:\/\/franz-marc-museum.de\/en\/"},{"@type":"ListItem","position":2,"name":"Groups"}]},{"@type":"WebSite","@id":"https:\/\/franz-marc-museum.de\/#website","url":"https:\/\/franz-marc-museum.de\/","name":"Franz Marc Museum","description":"","potentialAction":[{"@type":"SearchAction","target":{"@type":"EntryPoint","urlTemplate":"https:\/\/franz-marc-museum.de\/?s={search_term_string}"},"query-input":{"@type":"PropertyValueSpecification","valueRequired":true,"valueName":"search_term_string"}}],"inLanguage":"en-US"}]}},"_links":{"self":[{"href":"https:\/\/franz-marc-museum.de\/en\/wp-json\/wp\/v2\/pages\/4148","targetHints":{"allow":["GET"]}}],"collection":[{"href":"https:\/\/franz-marc-museum.de\/en\/wp-json\/wp\/v2\/pages"}],"about":[{"href":"https:\/\/franz-marc-museum.de\/en\/wp-json\/wp\/v2\/types\/page"}],"author":[{"embeddable":true,"href":"https:\/\/franz-marc-museum.de\/en\/wp-json\/wp\/v2\/users\/1"}],"replies":[{"embeddable":true,"href":"https:\/\/franz-marc-museum.de\/en\/wp-json\/wp\/v2\/comments?post=4148"}],"version-history":[{"count":6,"href":"https:\/\/franz-marc-museum.de\/en\/wp-json\/wp\/v2\/pages\/4148\/revisions"}],"predecessor-version":[{"id":4598,"href":"https:\/\/franz-marc-museum.de\/en\/wp-json\/wp\/v2\/pages\/4148\/revisions\/4598"}],"wp:attachment":[{"href":"https:\/\/franz-marc-museum.de\/en\/wp-json\/wp\/v2\/media?parent=4148"}],"curies":[{"name":"wp","href":"https:\/\/api.w.org\/{rel}","templated":true}]}}